{"id":3285,"date":"2024-05-30T10:05:20","date_gmt":"2024-05-30T08:05:20","guid":{"rendered":"https:\/\/oir.umh.es\/?page_id=3285"},"modified":"2024-09-24T14:21:48","modified_gmt":"2024-09-24T12:21:48","slug":"guia-docente-d-nanomaster-diseno-de-los-proyectos-y-procedimientos-con-animales-de-experimentacion-funcion-d","status":"publish","type":"page","link":"https:\/\/oir.umh.es\/en\/formacion-etica\/formacion-inicial\/ediciones-anteriores\/ix-edicion\/guia-docente-d-nanomaster-diseno-de-los-proyectos-y-procedimientos-con-animales-de-experimentacion-funcion-d\/","title":{"rendered":"<span lang=\"es\">(Espa\u00f1ol) GU\u00cdA DOCENTE D: NANOM\u00c1STER: DISE\u00d1O DE LOS PROYECTOS Y PROCEDIMIENTOS CON ANIMALES DE EXPERIMENTACI\u00d3N (FUNCI\u00d3N D)<\/span>"},"content":{"rendered":"<p class=\"qtranxs-available-languages-message qtranxs-available-languages-message-en\">Sorry, this entry is only available in <a href=\"https:\/\/oir.umh.es\/es\/wp-json\/wp\/v2\/pages\/3285\" class=\"qtranxs-available-language-link qtranxs-available-language-link-es\" title=\"Espa\u00f1ol\">European Spanish<\/a>.<\/p>","protected":false},"excerpt":{"rendered":"<p>Sorry, this entry is only available in European Spanish.<\/p>\n","protected":false},"author":1457,"featured_media":0,"parent":3276,"menu_order":0,"comment_status":"closed","ping_status":"closed","template":"","meta":{"_links_to":"","_links_to_target":""},"_links":{"self":[{"href":"https:\/\/oir.umh.es\/en\/wp-json\/wp\/v2\/pages\/3285"}],"collection":[{"href":"https:\/\/oir.umh.es\/en\/wp-json\/wp\/v2\/pages"}],"about":[{"href":"https:\/\/oir.umh.es\/en\/wp-json\/wp\/v2\/types\/page"}],"author":[{"embeddable":true,"href":"https:\/\/oir.umh.es\/en\/wp-json\/wp\/v2\/users\/1457"}],"replies":[{"embeddable":true,"href":"https:\/\/oir.umh.es\/en\/wp-json\/wp\/v2\/comments?post=3285"}],"version-history":[{"count":0,"href":"https:\/\/oir.umh.es\/en\/wp-json\/wp\/v2\/pages\/3285\/revisions"}],"up":[{"embeddable":true,"href":"https:\/\/oir.umh.es\/en\/wp-json\/wp\/v2\/pages\/3276"}],"wp:attachment":[{"href":"https:\/\/oir.umh.es\/en\/wp-json\/wp\/v2\/media?parent=3285"}],"curies":[{"name":"wp","href":"https:\/\/api.w.org\/{rel}","templated":true}]}}