{"id":3013,"date":"2023-06-30T13:36:11","date_gmt":"2023-06-30T11:36:11","guid":{"rendered":"https:\/\/oir.umh.es\/?page_id=3013"},"modified":"2023-11-24T12:14:28","modified_gmt":"2023-11-24T11:14:28","slug":"guia-docente-ab-especialista-en-cuidado-y-eutanasia-de-animales-de-experimentacion-funciones-ab","status":"publish","type":"page","link":"https:\/\/oir.umh.es\/en\/formacion-etica\/formacion-inicial\/viii-edicion\/guia-docente-ab-especialista-en-cuidado-y-eutanasia-de-animales-de-experimentacion-funciones-ab\/","title":{"rendered":"<span lang=\"es\">(Espa\u00f1ol) GU\u00cdA DOCENTE A+B: ESPECIALISTA EN CUIDADO Y EUTANASIA DE ANIMALES DE EXPERIMENTACI\u00d3N (FUNCIONES A+B)<\/span>"},"content":{"rendered":"<p class=\"qtranxs-available-languages-message qtranxs-available-languages-message-en\">Sorry, this entry is only available in <a href=\"https:\/\/oir.umh.es\/es\/wp-json\/wp\/v2\/pages\/3013\" class=\"qtranxs-available-language-link qtranxs-available-language-link-es\" title=\"Espa\u00f1ol\">European Spanish<\/a>.<\/p>","protected":false},"excerpt":{"rendered":"<p>Sorry, this entry is only available in European Spanish.<\/p>\n","protected":false},"author":1457,"featured_media":0,"parent":3001,"menu_order":0,"comment_status":"closed","ping_status":"closed","template":"","meta":{"_links_to":"","_links_to_target":""},"_links":{"self":[{"href":"https:\/\/oir.umh.es\/en\/wp-json\/wp\/v2\/pages\/3013"}],"collection":[{"href":"https:\/\/oir.umh.es\/en\/wp-json\/wp\/v2\/pages"}],"about":[{"href":"https:\/\/oir.umh.es\/en\/wp-json\/wp\/v2\/types\/page"}],"author":[{"embeddable":true,"href":"https:\/\/oir.umh.es\/en\/wp-json\/wp\/v2\/users\/1457"}],"replies":[{"embeddable":true,"href":"https:\/\/oir.umh.es\/en\/wp-json\/wp\/v2\/comments?post=3013"}],"version-history":[{"count":0,"href":"https:\/\/oir.umh.es\/en\/wp-json\/wp\/v2\/pages\/3013\/revisions"}],"up":[{"embeddable":true,"href":"https:\/\/oir.umh.es\/en\/wp-json\/wp\/v2\/pages\/3001"}],"wp:attachment":[{"href":"https:\/\/oir.umh.es\/en\/wp-json\/wp\/v2\/media?parent=3013"}],"curies":[{"name":"wp","href":"https:\/\/api.w.org\/{rel}","templated":true}]}}