{"id":2490,"date":"2022-06-21T13:24:53","date_gmt":"2022-06-21T11:24:53","guid":{"rendered":"https:\/\/oir.umh.es\/?page_id=2490"},"modified":"2023-02-09T11:24:02","modified_gmt":"2023-02-09T10:24:02","slug":"guia-docente-abc-nanomaster-cuidado-eutanasia-y-realizacion-de-procedimientos-en-animales-de-experimentacion-funciones-abc","status":"publish","type":"page","link":"https:\/\/oir.umh.es\/en\/formacion-etica\/formacion-inicial\/ediciones-anteriores\/vii-edicion-nueva\/guia-docente-abc-nanomaster-cuidado-eutanasia-y-realizacion-de-procedimientos-en-animales-de-experimentacion-funciones-abc\/","title":{"rendered":"<span lang=\"es\">(Espa\u00f1ol) GU\u00cdA DOCENTE A+B+C: NANOM\u00c1STER: CUIDADO, EUTANASIA Y REALIZACION DE PROCEDIMIENTOS EN ANIMALES DE EXPERIMENTACI\u00d3N (FUNCIONES A+B+C)<\/span>"},"content":{"rendered":"<p class=\"qtranxs-available-languages-message qtranxs-available-languages-message-en\">Sorry, this entry is only available in <a href=\"https:\/\/oir.umh.es\/es\/wp-json\/wp\/v2\/pages\/2490\" class=\"qtranxs-available-language-link qtranxs-available-language-link-es\" title=\"Espa\u00f1ol\">European Spanish<\/a>.<\/p>","protected":false},"excerpt":{"rendered":"<p>Sorry, this entry is only available in European Spanish.<\/p>\n","protected":false},"author":1457,"featured_media":0,"parent":2487,"menu_order":0,"comment_status":"closed","ping_status":"closed","template":"","meta":{"_links_to":"","_links_to_target":""},"_links":{"self":[{"href":"https:\/\/oir.umh.es\/en\/wp-json\/wp\/v2\/pages\/2490"}],"collection":[{"href":"https:\/\/oir.umh.es\/en\/wp-json\/wp\/v2\/pages"}],"about":[{"href":"https:\/\/oir.umh.es\/en\/wp-json\/wp\/v2\/types\/page"}],"author":[{"embeddable":true,"href":"https:\/\/oir.umh.es\/en\/wp-json\/wp\/v2\/users\/1457"}],"replies":[{"embeddable":true,"href":"https:\/\/oir.umh.es\/en\/wp-json\/wp\/v2\/comments?post=2490"}],"version-history":[{"count":0,"href":"https:\/\/oir.umh.es\/en\/wp-json\/wp\/v2\/pages\/2490\/revisions"}],"up":[{"embeddable":true,"href":"https:\/\/oir.umh.es\/en\/wp-json\/wp\/v2\/pages\/2487"}],"wp:attachment":[{"href":"https:\/\/oir.umh.es\/en\/wp-json\/wp\/v2\/media?parent=2490"}],"curies":[{"name":"wp","href":"https:\/\/api.w.org\/{rel}","templated":true}]}}