{"id":2440,"date":"2022-02-08T11:47:36","date_gmt":"2022-02-08T10:47:36","guid":{"rendered":"https:\/\/oir.umh.es\/?page_id=2440"},"modified":"2022-02-08T11:50:27","modified_gmt":"2022-02-08T10:50:27","slug":"guia-docente-d-nanomaster-diseno-de-los-proyectos-y-procedimientos-con-animales-de-experimentacion-funcion-d","status":"publish","type":"page","link":"https:\/\/oir.umh.es\/en\/nueva-vii-edicion\/guia-docente-d-nanomaster-diseno-de-los-proyectos-y-procedimientos-con-animales-de-experimentacion-funcion-d\/","title":{"rendered":"<span lang=\"es\">(Espa\u00f1ol) GU\u00cdA DOCENTE D: NANOM\u00c1STER: DISE\u00d1O DE LOS PROYECTOS Y PROCEDIMIENTOS CON ANIMALES DE EXPERIMENTACI\u00d3N (FUNCI\u00d3N D)<\/span>"},"content":{"rendered":"<p class=\"qtranxs-available-languages-message qtranxs-available-languages-message-en\">Sorry, this entry is only available in <a href=\"https:\/\/oir.umh.es\/es\/wp-json\/wp\/v2\/pages\/2440\" class=\"qtranxs-available-language-link qtranxs-available-language-link-es\" title=\"Espa\u00f1ol\">European Spanish<\/a>.<\/p>","protected":false},"excerpt":{"rendered":"<p>Sorry, this entry is only available in European Spanish.<\/p>\n","protected":false},"author":1457,"featured_media":0,"parent":2428,"menu_order":0,"comment_status":"closed","ping_status":"closed","template":"","meta":{"_links_to":"","_links_to_target":""},"_links":{"self":[{"href":"https:\/\/oir.umh.es\/en\/wp-json\/wp\/v2\/pages\/2440"}],"collection":[{"href":"https:\/\/oir.umh.es\/en\/wp-json\/wp\/v2\/pages"}],"about":[{"href":"https:\/\/oir.umh.es\/en\/wp-json\/wp\/v2\/types\/page"}],"author":[{"embeddable":true,"href":"https:\/\/oir.umh.es\/en\/wp-json\/wp\/v2\/users\/1457"}],"replies":[{"embeddable":true,"href":"https:\/\/oir.umh.es\/en\/wp-json\/wp\/v2\/comments?post=2440"}],"version-history":[{"count":0,"href":"https:\/\/oir.umh.es\/en\/wp-json\/wp\/v2\/pages\/2440\/revisions"}],"up":[{"embeddable":true,"href":"https:\/\/oir.umh.es\/en\/wp-json\/wp\/v2\/pages\/2428"}],"wp:attachment":[{"href":"https:\/\/oir.umh.es\/en\/wp-json\/wp\/v2\/media?parent=2440"}],"curies":[{"name":"wp","href":"https:\/\/api.w.org\/{rel}","templated":true}]}}