{"id":2431,"date":"2022-02-08T11:14:44","date_gmt":"2022-02-08T10:14:44","guid":{"rendered":"https:\/\/oir.umh.es\/?page_id=2431"},"modified":"2022-02-08T14:29:14","modified_gmt":"2022-02-08T13:29:14","slug":"guia-docente-ab-especialista-en-cuidado-y-eutanasia-de-animales-de-experimentacion-funciones-ab","status":"publish","type":"page","link":"https:\/\/oir.umh.es\/en\/nueva-vii-edicion\/guia-docente-ab-especialista-en-cuidado-y-eutanasia-de-animales-de-experimentacion-funciones-ab\/","title":{"rendered":"<span lang=\"es\">(Espa\u00f1ol) GU\u00cdA DOCENTE A+B: ESPECIALISTA EN CUIDADO Y EUTANASIA DE ANIMALES DE EXPERIMENTACI\u00d3N (FUNCIONES A+B)<\/span>"},"content":{"rendered":"<p class=\"qtranxs-available-languages-message qtranxs-available-languages-message-en\">Sorry, this entry is only available in <a href=\"https:\/\/oir.umh.es\/es\/wp-json\/wp\/v2\/pages\/2431\" class=\"qtranxs-available-language-link qtranxs-available-language-link-es\" title=\"Espa\u00f1ol\">European Spanish<\/a>.<\/p>","protected":false},"excerpt":{"rendered":"<p>Sorry, this entry is only available in European Spanish.<\/p>\n","protected":false},"author":1457,"featured_media":0,"parent":2428,"menu_order":0,"comment_status":"closed","ping_status":"closed","template":"","meta":{"_links_to":"","_links_to_target":""},"_links":{"self":[{"href":"https:\/\/oir.umh.es\/en\/wp-json\/wp\/v2\/pages\/2431"}],"collection":[{"href":"https:\/\/oir.umh.es\/en\/wp-json\/wp\/v2\/pages"}],"about":[{"href":"https:\/\/oir.umh.es\/en\/wp-json\/wp\/v2\/types\/page"}],"author":[{"embeddable":true,"href":"https:\/\/oir.umh.es\/en\/wp-json\/wp\/v2\/users\/1457"}],"replies":[{"embeddable":true,"href":"https:\/\/oir.umh.es\/en\/wp-json\/wp\/v2\/comments?post=2431"}],"version-history":[{"count":0,"href":"https:\/\/oir.umh.es\/en\/wp-json\/wp\/v2\/pages\/2431\/revisions"}],"up":[{"embeddable":true,"href":"https:\/\/oir.umh.es\/en\/wp-json\/wp\/v2\/pages\/2428"}],"wp:attachment":[{"href":"https:\/\/oir.umh.es\/en\/wp-json\/wp\/v2\/media?parent=2431"}],"curies":[{"name":"wp","href":"https:\/\/api.w.org\/{rel}","templated":true}]}}