{"id":1452,"date":"2020-04-23T15:31:57","date_gmt":"2020-04-23T13:31:57","guid":{"rendered":"https:\/\/oir.umh.es\/?page_id=1452"},"modified":"2025-11-04T10:13:57","modified_gmt":"2025-11-04T09:13:57","slug":"guia-de-busqueda-de-metodos-alternativos","status":"publish","type":"page","link":"https:\/\/oir.umh.es\/en\/ayuda\/investigacion-animales\/guia-de-busqueda-de-metodos-alternativos\/","title":{"rendered":"<span lang=\"es\">(Espa\u00f1ol) Gu\u00eda de b\u00fasqueda de m\u00e9todos alternativos: La estrategia piramidal<\/span>"},"content":{"rendered":"<p class=\"qtranxs-available-languages-message qtranxs-available-languages-message-en\">Sorry, this entry is only available in <a href=\"https:\/\/oir.umh.es\/es\/wp-json\/wp\/v2\/pages\/1452\" class=\"qtranxs-available-language-link qtranxs-available-language-link-es\" title=\"Espa\u00f1ol\">European Spanish<\/a>.<\/p>","protected":false},"excerpt":{"rendered":"<p>Sorry, this entry is only available in European Spanish.<\/p>\n","protected":false},"author":104,"featured_media":0,"parent":1187,"menu_order":0,"comment_status":"closed","ping_status":"closed","template":"","meta":{"_links_to":"","_links_to_target":""},"_links":{"self":[{"href":"https:\/\/oir.umh.es\/en\/wp-json\/wp\/v2\/pages\/1452"}],"collection":[{"href":"https:\/\/oir.umh.es\/en\/wp-json\/wp\/v2\/pages"}],"about":[{"href":"https:\/\/oir.umh.es\/en\/wp-json\/wp\/v2\/types\/page"}],"author":[{"embeddable":true,"href":"https:\/\/oir.umh.es\/en\/wp-json\/wp\/v2\/users\/104"}],"replies":[{"embeddable":true,"href":"https:\/\/oir.umh.es\/en\/wp-json\/wp\/v2\/comments?post=1452"}],"version-history":[{"count":0,"href":"https:\/\/oir.umh.es\/en\/wp-json\/wp\/v2\/pages\/1452\/revisions"}],"up":[{"embeddable":true,"href":"https:\/\/oir.umh.es\/en\/wp-json\/wp\/v2\/pages\/1187"}],"wp:attachment":[{"href":"https:\/\/oir.umh.es\/en\/wp-json\/wp\/v2\/media?parent=1452"}],"curies":[{"name":"wp","href":"https:\/\/api.w.org\/{rel}","templated":true}]}}