{"id":884,"date":"2018-09-24T14:24:53","date_gmt":"2018-09-24T12:24:53","guid":{"rendered":"http:\/\/oep.umh.es\/?page_id=884"},"modified":"2019-09-03T14:11:09","modified_gmt":"2019-09-03T12:11:09","slug":"guia-docente-curso-abcd","status":"publish","type":"page","link":"https:\/\/oir.umh.es\/ca\/formacion-etica\/formacion-inicial\/ediciones-anteriores\/nueva-edicion\/guia-docente-curso-abcd\/","title":{"rendered":"<span lang=\"es\">(Espa\u00f1ol) Gu\u00eda Docente Nanom\u00e1ster A+B+C+D<\/span>"},"content":{"rendered":"<p class=\"qtranxs-available-languages-message qtranxs-available-languages-message-ca\">Ho sentim, aquesta entrada es troba disponible \u00fanicament en <a href=\"https:\/\/oir.umh.es\/es\/wp-json\/wp\/v2\/pages\/884\" class=\"qtranxs-available-language-link qtranxs-available-language-link-es\" title=\"Espa\u00f1ol\">Espanyol Europeu<\/a>.<\/p>","protected":false},"excerpt":{"rendered":"<p>Ho sentim, aquesta entrada es troba disponible \u00fanicament en Espanyol Europeu.<\/p>\n","protected":false},"author":104,"featured_media":0,"parent":1022,"menu_order":2,"comment_status":"closed","ping_status":"closed","template":"","meta":{"_links_to":"","_links_to_target":""},"_links":{"self":[{"href":"https:\/\/oir.umh.es\/ca\/wp-json\/wp\/v2\/pages\/884"}],"collection":[{"href":"https:\/\/oir.umh.es\/ca\/wp-json\/wp\/v2\/pages"}],"about":[{"href":"https:\/\/oir.umh.es\/ca\/wp-json\/wp\/v2\/types\/page"}],"author":[{"embeddable":true,"href":"https:\/\/oir.umh.es\/ca\/wp-json\/wp\/v2\/users\/104"}],"replies":[{"embeddable":true,"href":"https:\/\/oir.umh.es\/ca\/wp-json\/wp\/v2\/comments?post=884"}],"version-history":[{"count":0,"href":"https:\/\/oir.umh.es\/ca\/wp-json\/wp\/v2\/pages\/884\/revisions"}],"up":[{"embeddable":true,"href":"https:\/\/oir.umh.es\/ca\/wp-json\/wp\/v2\/pages\/1022"}],"wp:attachment":[{"href":"https:\/\/oir.umh.es\/ca\/wp-json\/wp\/v2\/media?parent=884"}],"curies":[{"name":"wp","href":"https:\/\/api.w.org\/{rel}","templated":true}]}}