{"id":2434,"date":"2022-02-08T11:19:35","date_gmt":"2022-02-08T10:19:35","guid":{"rendered":"https:\/\/oir.umh.es\/?page_id=2434"},"modified":"2022-02-08T14:31:07","modified_gmt":"2022-02-08T13:31:07","slug":"guia-docente-abc-nanomaster-cuidado-eutanasia-y-realizacion-de-procedimientos-en-animales-de-experimentacion-funciones-abc","status":"publish","type":"page","link":"https:\/\/oir.umh.es\/ca\/nueva-vii-edicion\/guia-docente-abc-nanomaster-cuidado-eutanasia-y-realizacion-de-procedimientos-en-animales-de-experimentacion-funciones-abc\/","title":{"rendered":"<span lang=\"es\">(Espa\u00f1ol) GU\u00cdA DOCENTE A+B+C: NANOM\u00c1STER: CUIDADO, EUTANASIA Y REALIZACION DE PROCEDIMIENTOS EN ANIMALES DE EXPERIMENTACI\u00d3N (FUNCIONES A+B+C)<\/span>"},"content":{"rendered":"<p class=\"qtranxs-available-languages-message qtranxs-available-languages-message-ca\">Ho sentim, aquesta entrada es troba disponible \u00fanicament en <a href=\"https:\/\/oir.umh.es\/es\/wp-json\/wp\/v2\/pages\/2434\" class=\"qtranxs-available-language-link qtranxs-available-language-link-es\" title=\"Espa\u00f1ol\">Espanyol Europeu<\/a>.<\/p>","protected":false},"excerpt":{"rendered":"<p>Ho sentim, aquesta entrada es troba disponible \u00fanicament en Espanyol Europeu.<\/p>\n","protected":false},"author":1457,"featured_media":0,"parent":2428,"menu_order":0,"comment_status":"closed","ping_status":"closed","template":"","meta":{"_links_to":"","_links_to_target":""},"_links":{"self":[{"href":"https:\/\/oir.umh.es\/ca\/wp-json\/wp\/v2\/pages\/2434"}],"collection":[{"href":"https:\/\/oir.umh.es\/ca\/wp-json\/wp\/v2\/pages"}],"about":[{"href":"https:\/\/oir.umh.es\/ca\/wp-json\/wp\/v2\/types\/page"}],"author":[{"embeddable":true,"href":"https:\/\/oir.umh.es\/ca\/wp-json\/wp\/v2\/users\/1457"}],"replies":[{"embeddable":true,"href":"https:\/\/oir.umh.es\/ca\/wp-json\/wp\/v2\/comments?post=2434"}],"version-history":[{"count":0,"href":"https:\/\/oir.umh.es\/ca\/wp-json\/wp\/v2\/pages\/2434\/revisions"}],"up":[{"embeddable":true,"href":"https:\/\/oir.umh.es\/ca\/wp-json\/wp\/v2\/pages\/2428"}],"wp:attachment":[{"href":"https:\/\/oir.umh.es\/ca\/wp-json\/wp\/v2\/media?parent=2434"}],"curies":[{"name":"wp","href":"https:\/\/api.w.org\/{rel}","templated":true}]}}