{"id":2180,"date":"2021-07-08T08:31:17","date_gmt":"2021-07-08T06:31:17","guid":{"rendered":"https:\/\/oir.umh.es\/?page_id=2180"},"modified":"2021-10-15T12:27:23","modified_gmt":"2021-10-15T10:27:23","slug":"guia-docente-curso-d","status":"publish","type":"page","link":"https:\/\/oir.umh.es\/ca\/formacion-etica\/formacion-inicial\/ediciones-anteriores\/nueva-vi-edicion\/guia-docente-curso-d\/","title":{"rendered":"<span lang=\"es\">(Espa\u00f1ol) GU\u00cdA DOCENTE D: NANOM\u00c1STER: DISE\u00d1O DE LOS PROYECTOS Y PROCEDIMIENTOS CON ANIMALES DE EXPERIMENTACI\u00d3N (FUNCI\u00d3N D)<\/span>"},"content":{"rendered":"<p class=\"qtranxs-available-languages-message qtranxs-available-languages-message-ca\">Ho sentim, aquesta entrada es troba disponible \u00fanicament en <a href=\"https:\/\/oir.umh.es\/es\/wp-json\/wp\/v2\/pages\/2180\" class=\"qtranxs-available-language-link qtranxs-available-language-link-es\" title=\"Espa\u00f1ol\">Espanyol Europeu<\/a>.<\/p>","protected":false},"excerpt":{"rendered":"<p>Ho sentim, aquesta entrada es troba disponible \u00fanicament en Espanyol Europeu.<\/p>\n","protected":false},"author":1457,"featured_media":0,"parent":2168,"menu_order":0,"comment_status":"closed","ping_status":"closed","template":"","meta":{"_links_to":"","_links_to_target":""},"_links":{"self":[{"href":"https:\/\/oir.umh.es\/ca\/wp-json\/wp\/v2\/pages\/2180"}],"collection":[{"href":"https:\/\/oir.umh.es\/ca\/wp-json\/wp\/v2\/pages"}],"about":[{"href":"https:\/\/oir.umh.es\/ca\/wp-json\/wp\/v2\/types\/page"}],"author":[{"embeddable":true,"href":"https:\/\/oir.umh.es\/ca\/wp-json\/wp\/v2\/users\/1457"}],"replies":[{"embeddable":true,"href":"https:\/\/oir.umh.es\/ca\/wp-json\/wp\/v2\/comments?post=2180"}],"version-history":[{"count":0,"href":"https:\/\/oir.umh.es\/ca\/wp-json\/wp\/v2\/pages\/2180\/revisions"}],"up":[{"embeddable":true,"href":"https:\/\/oir.umh.es\/ca\/wp-json\/wp\/v2\/pages\/2168"}],"wp:attachment":[{"href":"https:\/\/oir.umh.es\/ca\/wp-json\/wp\/v2\/media?parent=2180"}],"curies":[{"name":"wp","href":"https:\/\/api.w.org\/{rel}","templated":true}]}}