{"id":1355,"date":"2020-01-16T09:36:03","date_gmt":"2020-01-16T08:36:03","guid":{"rendered":"https:\/\/oir.umh.es\/?page_id=1355"},"modified":"2020-09-08T10:38:44","modified_gmt":"2020-09-08T08:38:44","slug":"guia-docente-nanomaster-abcd","status":"publish","type":"page","link":"https:\/\/oir.umh.es\/ca\/formacion-etica\/formacion-inicial\/ediciones-anteriores\/nuevo-iii-edicion-nuevo-formato\/guia-docente-nanomaster-abcd\/","title":{"rendered":"<span lang=\"es\">(Espa\u00f1ol) Gu\u00eda docente nanom\u00e1ster A+B+C+D<\/span>"},"content":{"rendered":"<p class=\"qtranxs-available-languages-message qtranxs-available-languages-message-ca\">Ho sentim, aquesta entrada es troba disponible \u00fanicament en <a href=\"https:\/\/oir.umh.es\/es\/wp-json\/wp\/v2\/pages\/1355\" class=\"qtranxs-available-language-link qtranxs-available-language-link-es\" title=\"Espa\u00f1ol\">Espanyol Europeu<\/a>.<\/p>","protected":false},"excerpt":{"rendered":"<p>Ho sentim, aquesta entrada es troba disponible \u00fanicament en Espanyol Europeu.<\/p>\n","protected":false},"author":1457,"featured_media":0,"parent":1340,"menu_order":2,"comment_status":"closed","ping_status":"closed","template":"","meta":{"_links_to":"","_links_to_target":""},"_links":{"self":[{"href":"https:\/\/oir.umh.es\/ca\/wp-json\/wp\/v2\/pages\/1355"}],"collection":[{"href":"https:\/\/oir.umh.es\/ca\/wp-json\/wp\/v2\/pages"}],"about":[{"href":"https:\/\/oir.umh.es\/ca\/wp-json\/wp\/v2\/types\/page"}],"author":[{"embeddable":true,"href":"https:\/\/oir.umh.es\/ca\/wp-json\/wp\/v2\/users\/1457"}],"replies":[{"embeddable":true,"href":"https:\/\/oir.umh.es\/ca\/wp-json\/wp\/v2\/comments?post=1355"}],"version-history":[{"count":0,"href":"https:\/\/oir.umh.es\/ca\/wp-json\/wp\/v2\/pages\/1355\/revisions"}],"up":[{"embeddable":true,"href":"https:\/\/oir.umh.es\/ca\/wp-json\/wp\/v2\/pages\/1340"}],"wp:attachment":[{"href":"https:\/\/oir.umh.es\/ca\/wp-json\/wp\/v2\/media?parent=1355"}],"curies":[{"name":"wp","href":"https:\/\/api.w.org\/{rel}","templated":true}]}}