{"id":1181,"date":"2019-09-10T11:15:46","date_gmt":"2019-09-10T09:15:46","guid":{"rendered":"http:\/\/oir.umh.es\/?page_id=1181"},"modified":"2020-05-05T11:14:44","modified_gmt":"2020-05-05T09:14:44","slug":"omgs-agentes-biologicos","status":"publish","type":"page","link":"https:\/\/oir.umh.es\/ca\/ayuda\/omgs-agentes-biologicos\/","title":{"rendered":"<span lang=\"es\">(Espa\u00f1ol) Investigaci\u00f3n con OMGs y agentes biol\u00f3gicos<\/span>"},"content":{"rendered":"<p class=\"qtranxs-available-languages-message qtranxs-available-languages-message-ca\">Ho sentim, aquesta entrada es troba disponible \u00fanicament en <a href=\"https:\/\/oir.umh.es\/es\/wp-json\/wp\/v2\/pages\/1181\" class=\"qtranxs-available-language-link qtranxs-available-language-link-es\" title=\"Espa\u00f1ol\">Espanyol Europeu<\/a>.<\/p>","protected":false},"excerpt":{"rendered":"<p>Ho sentim, aquesta entrada es troba disponible \u00fanicament en Espanyol Europeu.<\/p>\n","protected":false},"author":104,"featured_media":0,"parent":1175,"menu_order":1,"comment_status":"closed","ping_status":"closed","template":"","meta":{"_links_to":"","_links_to_target":""},"_links":{"self":[{"href":"https:\/\/oir.umh.es\/ca\/wp-json\/wp\/v2\/pages\/1181"}],"collection":[{"href":"https:\/\/oir.umh.es\/ca\/wp-json\/wp\/v2\/pages"}],"about":[{"href":"https:\/\/oir.umh.es\/ca\/wp-json\/wp\/v2\/types\/page"}],"author":[{"embeddable":true,"href":"https:\/\/oir.umh.es\/ca\/wp-json\/wp\/v2\/users\/104"}],"replies":[{"embeddable":true,"href":"https:\/\/oir.umh.es\/ca\/wp-json\/wp\/v2\/comments?post=1181"}],"version-history":[{"count":0,"href":"https:\/\/oir.umh.es\/ca\/wp-json\/wp\/v2\/pages\/1181\/revisions"}],"up":[{"embeddable":true,"href":"https:\/\/oir.umh.es\/ca\/wp-json\/wp\/v2\/pages\/1175"}],"wp:attachment":[{"href":"https:\/\/oir.umh.es\/ca\/wp-json\/wp\/v2\/media?parent=1181"}],"curies":[{"name":"wp","href":"https:\/\/api.w.org\/{rel}","templated":true}]}}